{"id":192,"date":"2018-10-18T18:18:55","date_gmt":"2018-10-18T18:18:55","guid":{"rendered":"http:\/\/www.fossmobile.ca\/?page_id=192"},"modified":"2024-02-04T15:55:49","modified_gmt":"2024-02-04T15:55:49","slug":"des-publications","status":"publish","type":"page","link":"http:\/\/www.fossmobile.ca\/fr\/des-publications\/","title":{"rendered":"Des Publications"},"content":{"rendered":"<div>&nbsp;<\/div>\n<p><b>La construction de la Fossmobile (hommage)<\/b> (White Paper)<\/p>\n<p>LECTURE DE 10 MINUTES PAR RONALD M. FOSS<\/p>\n<p><a style=\"display: block; float: left; line-height: 2; padding: 5px 20px; background: #219621; color: #fff; cursor: pointer; text-align: center;\" href=\"http:\/\/www.fossmobile.ca\/wp-content\/uploads\/2024\/02\/La-construction-de-la-Fossmobile-.pdf\" target=\"_blank\" rel=\"noopener\">T\u00e9l\u00e9charger<\/a><\/p>\n<div>&nbsp;<\/div>\n<div>&nbsp;<\/div>\n<div>&nbsp;<\/div>\n<p><a href=\"https:\/\/www.hagerty.com\/media\/opinion\/the-elsinore-files\/the-fossmobile-canadas-first-car\/\">The Fossmobile: Canada\u2019s first car, Hagerty, 15 January 2021<\/a><\/p>\n<p><a href=\"https:\/\/cha-shc.ca\/_uploads\/5e82124d98656.pdf\" target=\"_blank\" rel=\"noopener noreferrer\">Intersections, Canadian Historical Society (2020), pg. 27-29<\/a><\/p>\n<p><a href=\"http:\/\/www.fossmobile.ca\/wp-content\/uploads\/2019\/06\/Tacot_3.pdf\">Connaissez-vous la Fossmobile? (Alain Morin), Le Tacot (2019)<\/a><\/p>\n<p class=\"full-article-basic__title\"><a href=\"https:\/\/www.latribune.ca\/actualites\/la-fossmobile-reviendra-dans-les-rues-de-sherbrooke-f5191b8fe41bf0be9e3ced0f50ea9abd\">La Fossmobile reviendra dans les rues de Sherbrooke (Jonathan Custeau), La Tribune (2019)<\/a><\/p>\n<p class=\"st st-s3 title\"><a href=\"https:\/\/www.guideautoweb.com\/articles\/51962\/une-voiture-quebecoise-vieille-de-120-ans-sera-recreee\/\">Une voiture qu\u00e9b\u00e9coise vieille de 120 ans sera recr\u00e9\u00e9e (Germaine Goyer), LeGUIDE deL&rsquo;AUTO (2019)<\/a><\/p>\n<p>Recollections of Sherbrooke, The True Story of a Small Town Boy (George Foote Foss), Sherbrooke Daily Record (April 1954)<\/p>\n<p>Automobiles of the World: The Story of the Development of the Automobile (Joseph H. Wherry), Chilton Book Company (1968)<\/p>\n<p>Cars of Canada, (Hugh Durnford, Glenn Beachler) McClelland and Stewart (1973)<\/p>\n","protected":false},"excerpt":{"rendered":"<div class=\"mh-excerpt\"><p>&nbsp; La construction de la Fossmobile (hommage) (White Paper) LECTURE DE 10 MINUTES PAR RONALD M. FOSS T\u00e9l\u00e9charger &nbsp; &nbsp; &nbsp; The Fossmobile: Canada\u2019s first <a class=\"mh-excerpt-more\" href=\"http:\/\/www.fossmobile.ca\/fr\/des-publications\/\" title=\"Des Publications\">[More]<\/a><\/p>\n<\/div>","protected":false},"author":1,"featured_media":0,"parent":0,"menu_order":0,"comment_status":"closed","ping_status":"closed","template":"","meta":{"ngg_post_thumbnail":0,"footnotes":""},"_links":{"self":[{"href":"http:\/\/www.fossmobile.ca\/fr\/wp-json\/wp\/v2\/pages\/192"}],"collection":[{"href":"http:\/\/www.fossmobile.ca\/fr\/wp-json\/wp\/v2\/pages"}],"about":[{"href":"http:\/\/www.fossmobile.ca\/fr\/wp-json\/wp\/v2\/types\/page"}],"author":[{"embeddable":true,"href":"http:\/\/www.fossmobile.ca\/fr\/wp-json\/wp\/v2\/users\/1"}],"replies":[{"embeddable":true,"href":"http:\/\/www.fossmobile.ca\/fr\/wp-json\/wp\/v2\/comments?post=192"}],"version-history":[{"count":19,"href":"http:\/\/www.fossmobile.ca\/fr\/wp-json\/wp\/v2\/pages\/192\/revisions"}],"predecessor-version":[{"id":1110,"href":"http:\/\/www.fossmobile.ca\/fr\/wp-json\/wp\/v2\/pages\/192\/revisions\/1110"}],"wp:attachment":[{"href":"http:\/\/www.fossmobile.ca\/fr\/wp-json\/wp\/v2\/media?parent=192"}],"curies":[{"name":"wp","href":"https:\/\/api.w.org\/{rel}","templated":true}]}}