{"id":190,"date":"2018-10-18T18:17:48","date_gmt":"2018-10-18T18:17:48","guid":{"rendered":"http:\/\/www.fossmobile.ca\/?page_id=190"},"modified":"2022-12-12T14:20:23","modified_gmt":"2022-12-12T14:20:23","slug":"hommages-recompenses","status":"publish","type":"page","link":"http:\/\/www.fossmobile.ca\/fr\/hommages-recompenses\/","title":{"rendered":"Hommages \/ R\u00e9compenses"},"content":{"rendered":"<header class=\"entry-header\">\n<p class=\"entry-title page-title\">En 1960, Foss est devenu membre honoraire du Vintage Automobile Club de Montr\u00e9al.<\/p>\n<\/header>\n<div class=\"entry-content mh-clearfix\">\n<p><span class=\"notranslate\">\u00c9galement en 1960, Foss a \u00e9t\u00e9 nomm\u00e9 membre honoraire de l&rsquo;Antiquit\u00e9 Automobile Club of American, l&rsquo;un des deux seuls Canadiens \u00e0 re\u00e7evoir cet honneur. Le second est le colonel Robert Samuel McLaughlin, fondateur de la McLaughlin Motor Car Company en 1907, en tant que l\u2019un des premiers grands constructeurs automobiles au Canada. La McLaughlin Motor Car Company a fini par devenir la General Motors du Canada.<\/span><\/p>\n<p><span class=\"notranslate\">En 1997, la ville de Sherbrooke, a \u00e9rig\u00e9 un monument en pierre pr\u00e8s du site original de son atelier de r\u00e9paration de v\u00e9los.<\/span><\/p>\n<\/div>\n<figure id=\"attachment_56\" aria-describedby=\"caption-attachment-56\" style=\"width: 300px\" class=\"wp-caption alignleft\"><img loading=\"lazy\" decoding=\"async\" class=\"size-medium wp-image-56 alignleft\" src=\"http:\/\/www.fossmobile.ca\/wp-content\/uploads\/2018\/09\/George-Foote-Foss-VACM-300x235.jpg\" alt=\"George Foote Foss - VACM\" width=\"300\" height=\"235\" srcset=\"http:\/\/www.fossmobile.ca\/wp-content\/uploads\/2018\/09\/George-Foote-Foss-VACM-300x235.jpg 300w, http:\/\/www.fossmobile.ca\/wp-content\/uploads\/2018\/09\/George-Foote-Foss-VACM.jpg 711w\" sizes=\"(max-width: 300px) 100vw, 300px\" \/><figcaption id=\"caption-attachment-56\" class=\"wp-caption-text\">Membre d&rsquo;honneur du Vintage Automobile Club de Montr\u00e9al (1960)<\/figcaption><\/figure>\n<figure id=\"attachment_105\" aria-describedby=\"caption-attachment-105\" style=\"width: 300px\" class=\"wp-caption alignright\"><img loading=\"lazy\" decoding=\"async\" class=\"size-medium wp-image-105\" src=\"http:\/\/www.fossmobile.ca\/wp-content\/uploads\/2018\/09\/monument-bw-300x237.jpg\" alt=\"Fossmobile Monument, Sherbrooke, Quebec\" width=\"300\" height=\"237\" srcset=\"http:\/\/www.fossmobile.ca\/wp-content\/uploads\/2018\/09\/monument-bw-300x237.jpg 300w, http:\/\/www.fossmobile.ca\/wp-content\/uploads\/2018\/09\/monument-bw.jpg 380w\" sizes=\"(max-width: 300px) 100vw, 300px\" \/><figcaption id=\"caption-attachment-105\" class=\"wp-caption-text\">Monument Fossmobile, Sherbrooke, Qu\u00e9bec (1997)<\/figcaption><\/figure>\n<p>&nbsp;<\/p>\n<p>&nbsp;<\/p>\n<p>&nbsp;<\/p>\n<p>&nbsp;<\/p>\n<p>&nbsp;<\/p>\n<p>&nbsp;<\/p>\n<p>&nbsp;<\/p>\n<p>&nbsp;<\/p>\n<p style=\"font-weight: 400; text-align: left;\">Le 27 avril 2022, lors du d\u00e9voilement du Tribute Fossmobile, l&rsquo;honorable Karina Gould, d\u00e9put\u00e9e de la circonscription de Burlington, en Ontario, a remis \u00e0 Fossmobile Enterprise un certificat comm\u00e9moratif de r\u00e9alisation, au nom de la Chambre des communes et du gouvernement f\u00e9d\u00e9ral.<\/p>\n<p style=\"font-weight: 400;\">Le 11 juin 2022, Fossmobile Enterprise a re\u00e7u le prestigieux prix Richard Evans, du R\u00e9seau du patrimoine anglophone du Qu\u00e9bec (QAHN) lors de leur assembl\u00e9e g\u00e9n\u00e9rale annuelle. <em>Le prix annuel Richard Evans du QAHN reconna\u00eet la contribution exceptionnelle \u00e0 long terme d&rsquo;un organisme ou d&rsquo;un groupe de b\u00e9n\u00e9voles \u00e0 la pr\u00e9servation et \u00e0 la promotion du patrimoine anglophone dans la province de Qu\u00e9bec.<\/em><\/p>\n<p>Dans le cadre de l&rsquo;exp\u00e9rience de participation au Concours d&rsquo;\u00e9l\u00e9gance de Cobble Beach le 18 septembre 2022 et lors de la c\u00e9r\u00e9monie de pr\u00e9sentation officielle, nous avons \u00e9t\u00e9 convoqu\u00e9s dans la zone de mise en sc\u00e8ne principale. Le pr\u00e9sident de l&rsquo;Association nationale des Automobile Clubs du Canada et le pr\u00e9sident du Concours d&rsquo;\u00e9l\u00e9gance de Cobble Beach ont remis \u00e0 Fossmobile Enterprise un prix sp\u00e9cial de reconnaissance de la NAACC. En substance, il comporte deux parties\u00a0; il reconna\u00eet nos efforts pour cr\u00e9er un hommage Fossmobile et il reconna\u00eet la construction de l&rsquo;original par George Foss. Un immense honneur pour la famille Foss et une reconnaissance pancanadienne longtemps recherch\u00e9e.<\/p>\n<p>Le 1er d\u00e9cembre 2022, Fossmobile Enterprise a \u00e9t\u00e9 honor\u00e9e par la F\u00e9d\u00e9ration canadienne des amis des mus\u00e9es. Leur but ou mission est de promouvoir et de soutenir le volet b\u00e9n\u00e9vole, les donateurs et les mus\u00e9es qui composent leurs membres, partout au Canada. C&rsquo;est sur le don de la famille Foss de l&rsquo;hommage Fossmobile au Mus\u00e9e canadien de l&rsquo;automobile qu&rsquo;ils se sont concentr\u00e9s, avec leur hommage sp\u00e9cial.<\/p>\n<p>Le 2 d\u00e9cembre 2022, lors de la c\u00e9r\u00e9monie d&rsquo;intronisation du Mus\u00e9e canadien de l&rsquo;automobile, une lettre du premier ministre du Canada, le Rt. Hon. Justin P. J. Trudeau, P. C., M. P. a \u00e9t\u00e9 rendu public. Essentiellement, il a reconnu le don de la famille et l&rsquo;importance des mus\u00e9es pour notre patrimoine Canadien.<\/p>\n<p>&nbsp;<\/p>\n<p>&nbsp;<\/p>\n","protected":false},"excerpt":{"rendered":"<div class=\"mh-excerpt\"><p>En 1960, Foss est devenu membre honoraire du Vintage Automobile Club de Montr\u00e9al. \u00c9galement en 1960, Foss a \u00e9t\u00e9 nomm\u00e9 membre honoraire de l&rsquo;Antiquit\u00e9 Automobile <a class=\"mh-excerpt-more\" href=\"http:\/\/www.fossmobile.ca\/fr\/hommages-recompenses\/\" title=\"Hommages \/ R\u00e9compenses\">[More]<\/a><\/p>\n<\/div>","protected":false},"author":1,"featured_media":0,"parent":0,"menu_order":0,"comment_status":"closed","ping_status":"closed","template":"","meta":{"ngg_post_thumbnail":0,"footnotes":""},"_links":{"self":[{"href":"http:\/\/www.fossmobile.ca\/fr\/wp-json\/wp\/v2\/pages\/190"}],"collection":[{"href":"http:\/\/www.fossmobile.ca\/fr\/wp-json\/wp\/v2\/pages"}],"about":[{"href":"http:\/\/www.fossmobile.ca\/fr\/wp-json\/wp\/v2\/types\/page"}],"author":[{"embeddable":true,"href":"http:\/\/www.fossmobile.ca\/fr\/wp-json\/wp\/v2\/users\/1"}],"replies":[{"embeddable":true,"href":"http:\/\/www.fossmobile.ca\/fr\/wp-json\/wp\/v2\/comments?post=190"}],"version-history":[{"count":5,"href":"http:\/\/www.fossmobile.ca\/fr\/wp-json\/wp\/v2\/pages\/190\/revisions"}],"predecessor-version":[{"id":1020,"href":"http:\/\/www.fossmobile.ca\/fr\/wp-json\/wp\/v2\/pages\/190\/revisions\/1020"}],"wp:attachment":[{"href":"http:\/\/www.fossmobile.ca\/fr\/wp-json\/wp\/v2\/media?parent=190"}],"curies":[{"name":"wp","href":"https:\/\/api.w.org\/{rel}","templated":true}]}}