{"id":182,"date":"2018-10-18T18:05:13","date_gmt":"2018-10-18T18:05:13","guid":{"rendered":"http:\/\/www.fossmobile.ca\/?page_id=182"},"modified":"2020-03-05T18:07:08","modified_gmt":"2020-03-05T18:07:08","slug":"accueil","status":"publish","type":"page","link":"http:\/\/www.fossmobile.ca\/fr\/","title":{"rendered":"Accueil"},"content":{"rendered":"<p>Il y a beaucoup de merveilleuses le\u00e7ons d&rsquo;histoire canadienne, mais celle qui a souvent \u00e9t\u00e9 n\u00e9glig\u00e9e est celle de l&rsquo;inventeur et constructeur automobile, George Foote Foss, de Sherbrooke, au Qu\u00e9bec. Il y a plus de 120 ans, George Foss, un m\u00e9canicien prosp\u00e8re, forgeron et r\u00e9parateur de v\u00e9los a invent\u00e9 la premi\u00e8re automobile \u00e0 moteur \u00e0 essence fonctionnelle au Canada, appel\u00e9e Fossmobile<code>\u2122<\/code>.<\/p>\n<p>La famille Foss a rouvert les \u00abArchives de la famille Foss\u00bb afin de mieux documenter son accomplissement remarquable et de trouver les moyens de partager cet \u00e9v\u00e9nement historique canadien avec les passionn\u00e9s de l\u2019automobile et les historiens. La famille, afin de cr\u00e9er des r\u00e9seaux, de favoriser la collaboration et de partager des souvenirs historiques importants, a cr\u00e9\u00e9 \u00abFossmobile Ent\u00bb.<\/p>\n<figure id=\"attachment_134\" aria-describedby=\"caption-attachment-134\" style=\"width: 200px\" class=\"wp-caption alignright\"><img loading=\"lazy\" decoding=\"async\" class=\"size-full wp-image-134\" src=\"http:\/\/www.fossmobile.ca\/wp-content\/uploads\/2018\/09\/procsimple.jpg\" alt=\"George Foote Foss Driving the Streets of Sherbrooke\" width=\"200\" height=\"196\" \/><figcaption id=\"caption-attachment-134\" class=\"wp-caption-text\">George Foote Foss au volant dans les rues de Sherbrooke<\/figcaption><\/figure>\n<p><span class=\"tlid-translation translation\" lang=\"fr\">Le petit-fils de George Foss, Ron Foss, s\u2019est entretenu avec des visionnaires et recherche l\u2019aide d\u2019autres experts potentiels dans le domaine de la \u00abrestauration de voitures anciennes\u00bb, pour un projet tr\u00e8s sp\u00e9cial. L\u2019objectif est d\u2019utiliser la r\u00e9troing\u00e9nierie (reproduction d\u2019un produit de l\u2019inventeur ou du fabricant), afin de rendre hommage (le plus pr\u00e8s possible) de l\u2019invention de George Foss: la premi\u00e8re automobile \u00e0 essence construite au Canada: la Fossmobile. Il n\u2019existe pas de dessins originaux. L\u2019hommage en voiture devra reposer uniquement sur un examen minutieux des photos originales de Fossmobile. Ron Foss a entam\u00e9 le processus d\u2019acquisition de pi\u00e8ces d\u2019\u00e9poque de l\u2019\u00e9poque, dans l\u2019espoir de construire cette automobile, en ne les reproduisant que lorsque cela sera absolument n\u00e9cessaire. Il supervisera ce processus et collaborera avec des historiens et des experts de l&rsquo;automobile. En chemin, il documentera le voyage tout en veillant au souci du d\u00e9tail. Il esp\u00e8re honorer l\u2019h\u00e9ritage de son grand-p\u00e8re et mettre en lumi\u00e8re ce chapitre important de l\u2019histoire canadienne. Une fois achev\u00e9, cet hommage sera une incarnation tangible du premier v\u00e9hicule \u00e0 essence construit au Canada. Il existe un int\u00e9r\u00eat croissant pour la pr\u00e9sentation de l&rsquo;hommage rendu \u00e0 Fossmobile dans les salons de l&rsquo;automobile classique. Toutefois, il sera finalement donn\u00e9 \u00e0 un mus\u00e9e canadien pour am\u00e9liorer l&rsquo;\u00e9ducation historique des g\u00e9n\u00e9rations futures.<\/span><\/p>\n<p>La famille Foss et Fossmobile Ent ont le plaisir d&rsquo;annoncer la conclusion d&rsquo;un \u00abaccord de restauration\u00bb avec la Legendary Motorcar Company Limited de Halton Hills, en Ontario. Ils ont une \u00e9quipe d&rsquo;artisans professionnels d\u00e9di\u00e9s \u00e0 la restauration des automobiles anciennes et classiques. De plus, divers artisans canadiens travaillent \u00e0 des travaux sp\u00e9cialis\u00e9s. La restauration de la caisse en bois et la fabrication sur mesure du si\u00e8ge \u00e0 la fin des ann\u00e9es 1890s ont \u00e9t\u00e9 effectu\u00e9es par le Canadian Wood Craftsman, Chatsworth, en Ontario. Pour compl\u00e9ter le look de vieux buggy, les coussins de si\u00e8ge ont \u00e9t\u00e9 fabriqu\u00e9s \u00e0 la main par Custom Touch Upholstery, Burlington, Ontario. La remise \u00e0 neuf des roues, des rayons et l\u2019acquisition de pneus d\u2019\u00e9poque corrects r\u00e9alis\u00e9s par Wolfe Worx de London, Ontario. La n\u00e9cessit\u00e9 de toutes les nouvelles suspensions \u00e0 ressorts \u00e0 lames elliptiques personnalis\u00e9es a \u00e9t\u00e9 confi\u00e9e \u00e0 Dendoff Springs Limited \u00e0 Surrey, en Colombie-Britannique.<\/p>\n<p><span class=\"tlid-translation translation\" lang=\"fr\">Pour raconter l&rsquo;histoire de Fossmobile, la famille Foss esp\u00e8re attirer davantage d&rsquo;\u00e9crivains, de journalistes et de producteurs de documentaires int\u00e9ress\u00e9s \u00e0 pr\u00e9senter cet \u00e9l\u00e9ment important de l&rsquo;h\u00e9ritage automobile canadien. Si vous souhaitez rejoindre cette \u00e9quipe informelle, contribuez \u00e0 la recherche de pi\u00e8ces automobiles d&rsquo;\u00e9poque, ou souhaitez simplement apporter des id\u00e9es ou des conseils, vous pouvez contacter directement Ron Foss.<\/span><\/p>\n<p>&nbsp;<\/p>\n<hr class=\"style-one\" \/>\n<p>Photos fournis courtoisie des \u00abArchives de la famille Foss\u00bb<\/p>\n","protected":false},"excerpt":{"rendered":"<div class=\"mh-excerpt\"><p>Il y a beaucoup de merveilleuses le\u00e7ons d&rsquo;histoire canadienne, mais celle qui a souvent \u00e9t\u00e9 n\u00e9glig\u00e9e est celle de l&rsquo;inventeur et constructeur automobile, George Foote <a class=\"mh-excerpt-more\" href=\"http:\/\/www.fossmobile.ca\/fr\/\" title=\"Accueil\">[More]<\/a><\/p>\n<\/div>","protected":false},"author":1,"featured_media":0,"parent":0,"menu_order":0,"comment_status":"closed","ping_status":"closed","template":"","meta":{"ngg_post_thumbnail":0,"footnotes":""},"_links":{"self":[{"href":"http:\/\/www.fossmobile.ca\/fr\/wp-json\/wp\/v2\/pages\/182"}],"collection":[{"href":"http:\/\/www.fossmobile.ca\/fr\/wp-json\/wp\/v2\/pages"}],"about":[{"href":"http:\/\/www.fossmobile.ca\/fr\/wp-json\/wp\/v2\/types\/page"}],"author":[{"embeddable":true,"href":"http:\/\/www.fossmobile.ca\/fr\/wp-json\/wp\/v2\/users\/1"}],"replies":[{"embeddable":true,"href":"http:\/\/www.fossmobile.ca\/fr\/wp-json\/wp\/v2\/comments?post=182"}],"version-history":[{"count":17,"href":"http:\/\/www.fossmobile.ca\/fr\/wp-json\/wp\/v2\/pages\/182\/revisions"}],"predecessor-version":[{"id":578,"href":"http:\/\/www.fossmobile.ca\/fr\/wp-json\/wp\/v2\/pages\/182\/revisions\/578"}],"wp:attachment":[{"href":"http:\/\/www.fossmobile.ca\/fr\/wp-json\/wp\/v2\/media?parent=182"}],"curies":[{"name":"wp","href":"https:\/\/api.w.org\/{rel}","templated":true}]}}